{"id":308,"date":"2013-02-25T11:39:08","date_gmt":"2013-02-25T09:39:08","guid":{"rendered":"http:\/\/architekturzimmer.de\/wordpress\/?page_id=308"},"modified":"2024-12-02T10:19:55","modified_gmt":"2024-12-02T08:19:55","slug":"about","status":"publish","type":"page","link":"https:\/\/architekturzimmer.de\/?page_id=308","title":{"rendered":"About"},"content":{"rendered":"<p>Das Architekturzimmer ist ein Verbund von Designern, Bauingenieuren und Architekten mit Zimmern in den St\u00e4dten Hannover, Frankfurt, M\u00fcnchen und Zagreb. Die Anzahl der jeweiligen Mitarbeiter ist projektabh\u00e4ngig. Die Netzwelt erm\u00f6glicht uns eine Kommunikation \u00fcber weite Distanzen.<\/p>\n<h4>Hannover:<\/h4>\n<p>Architekt Dipl.-Ing. Thomas Sommer<br \/>\nArchitekt Dipl.-Ing.&nbsp; Malte Sch\u00fcssler &#8211; Schwoon<br \/>\nDipl.-Ing. f\u00fcr Bauwesen Anne L\u00fcttig-Ender<br \/>\n3d Artist Robin Arneke<br \/>\nDiplom Designer Nils Pajenkamp<\/p>\n<h4>Frankfurt:<\/h4>\n<p>web und Grafik Designer Edmund Sacharow<\/p>\n<h4>M\u00fcnchen\/Toronto:<\/h4>\n<p>Architekt Dipl.-Ing. F. Leicher<\/p>\n<h4>Zagreb:<\/h4>\n<p>Architekt Dipl.-Ing. (FH) Mario Skopljanac<\/p>\n","protected":false},"excerpt":{"rendered":"<p>Das Architekturzimmer ist ein Verbund von Designern, Bauingenieuren und Architekten mit Zimmern in den St\u00e4dten Hannover, Frankfurt, M\u00fcnchen und Zagreb. Die Anzahl der jeweiligen Mitarbeiter ist projektabh\u00e4ngig. Die Netzwelt erm\u00f6glicht uns eine Kommunikation \u00fcber weite Distanzen. Hannover: Architekt Dipl.-Ing. Thomas Sommer Architekt Dipl.-Ing.&nbsp; Malte Sch\u00fcssler &#8211; Schwoon Dipl.-Ing. f\u00fcr Bauwesen Anne L\u00fcttig-Ender 3d Artist Robin [&hellip;]<\/p>\n","protected":false},"author":1,"featured_media":0,"parent":0,"menu_order":0,"comment_status":"closed","ping_status":"closed","template":"","meta":{"ngg_post_thumbnail":0,"footnotes":""},"class_list":["post-308","page","type-page","status-publish","hentry"],"_links":{"self":[{"href":"https:\/\/architekturzimmer.de\/index.php?rest_route=\/wp\/v2\/pages\/308"}],"collection":[{"href":"https:\/\/architekturzimmer.de\/index.php?rest_route=\/wp\/v2\/pages"}],"about":[{"href":"https:\/\/architekturzimmer.de\/index.php?rest_route=\/wp\/v2\/types\/page"}],"author":[{"embeddable":true,"href":"https:\/\/architekturzimmer.de\/index.php?rest_route=\/wp\/v2\/users\/1"}],"replies":[{"embeddable":true,"href":"https:\/\/architekturzimmer.de\/index.php?rest_route=%2Fwp%2Fv2%2Fcomments&post=308"}],"version-history":[{"count":23,"href":"https:\/\/architekturzimmer.de\/index.php?rest_route=\/wp\/v2\/pages\/308\/revisions"}],"predecessor-version":[{"id":1767,"href":"https:\/\/architekturzimmer.de\/index.php?rest_route=\/wp\/v2\/pages\/308\/revisions\/1767"}],"wp:attachment":[{"href":"https:\/\/architekturzimmer.de\/index.php?rest_route=%2Fwp%2Fv2%2Fmedia&parent=308"}],"curies":[{"name":"wp","href":"https:\/\/api.w.org\/{rel}","templated":true}]}}